{"id":19396,"date":"2018-01-17T06:24:55","date_gmt":"2018-01-17T06:24:55","guid":{"rendered":"http:\/\/www.pilgrim-info.com\/?page_id=19396"},"modified":"2018-01-17T06:28:29","modified_gmt":"2018-01-17T06:28:29","slug":"mensajes-medjugorje-2013","status":"publish","type":"page","link":"https:\/\/www.pilgrim-info.com\/es\/mensajes-medjugorje-2013\/","title":{"rendered":"Mensajes de Nuestra Se\u00f1ora de Medjugorje 2013"},"content":{"rendered":"<h2><strong>Mensajes de Medjugorje 2013<\/strong><\/h2>\n<p><strong>Mensaje, 25. diciembre 2013<\/strong><br \/>\n\u201cQueridos hijos! Les traigo al Rey de la Paz, para que El les d\u00e9 su paz. Ustedes, hijitos, oren, oren, oren. El fruto de la oraci\u00f3n se podr\u00e1 ver en los rostros de las personas que se han decidido por Dios y su Reino. Yo, con mi Hijo Jes\u00fas, los bendigo a todos con la bendici\u00f3n de la paz. Gracias por haber respondido a mi llamado.\u201d<\/p>\n<p><strong>Mensaje, 25. noviembre 2013<\/strong><br \/>\n\u201cQueridos hijos! Hoy los invito a todos a la oraci\u00f3n. Abran profundamente la puerta del coraz\u00f3n, hijitos, a la oraci\u00f3n, a la oraci\u00f3n con el coraz\u00f3n, y entonces el Todopoderoso podr\u00e1 obrar en vuestra libertad y comenzar\u00e1 la conversi\u00f3n. La fe llegar\u00e1 a ser tan firme que podr\u00e1n decir con todo el coraz\u00f3n: \u2018mi Dios, mi todo`. Comprender\u00e1n, hijitos, que aqu\u00ed en la Tierra todo es pasajero. Gracias por haber respondido a mi llamado.\u201d<\/p>\n<p><strong>Mensaje, 25. octubre 2013<\/strong><br \/>\n\u201cQueridos hijos! Hoy los invito a abrirse a la oraci\u00f3n. La oraci\u00f3n hace milagros en ustedes y a trav\u00e9s de ustedes. Por eso, hijitos, en la simplicidad del coraz\u00f3n, pidan al Alt\u00edsimo que les d\u00e9 la fuerza de ser hijos de Dios y que satan\u00e1s no los agite como el viento agita las ramas. Hijitos, dec\u00eddanse nuevamente por Dios y busquen s\u00f3lo Su voluntad, y entonces encontrar\u00e1n en El alegr\u00eda y paz. Gracias por haber respondido a mi llamado.\u201d<\/p>\n<p><strong>Mensaje, 25. septiembre 2013<\/strong><br \/>\n\u201cQueridos hijos! Tambi\u00e9n hoy los invito a la oraci\u00f3n. Que vuestra relaci\u00f3n con la oraci\u00f3n sea cotidiana. La oraci\u00f3n hace milagros en ustedes y a trav\u00e9s de ustedes, por eso hijitos, que la oraci\u00f3n sea alegr\u00eda para ustedes. As\u00ed entonces, su relaci\u00f3n con la vida ser\u00e1 m\u00e1s profunda y m\u00e1s abierta, y comprender\u00e1n que la vida es un don para cada uno de ustedes. Gracias por haber respondido a mi llamado.\u201d<\/p>\n<p><strong>Mensaje, 25. agosto 2013<\/strong><br \/>\n\u201c\u00a1Queridos hijos! Tambi\u00e9n hoy el Alt\u00edsimo me concede la gracia de estar con ustedes y de guiarlos hacia la conversi\u00f3n. D\u00eda tras d\u00eda yo siembro y los invito a la conversi\u00f3n para que sean oraci\u00f3n, paz, amor, y trigo que al morir produce el c\u00e9ntuplo. No deseo que ustedes, queridos hijos, tengan que arrepentirse por todo lo que pudieron hacer y no hicieron. Por eso hijitos, digan de nuevo con entusiasmo: \u201cDeseo ser un signo para los dem\u00e1s\u201d. Gracias por haber respondido a mi llamado.\u201d<\/p>\n<p><strong>Mensaje, 25. julio 2013<\/strong><br \/>\n\u201c\u00a1Queridos hijos! Con alegr\u00eda en el coraz\u00f3n, a todos los invito a vivir su fe y a testimoniarla con el coraz\u00f3n y el ejemplo en todas sus manifestaciones. Hijitos, dec\u00eddanse por estar lejos del pecado y de las tentaciones, y que en vuestros corazones est\u00e9n la alegr\u00eda y el amor por la santidad. Yo, hijitos, los amo y los acompa\u00f1o con mi intercesi\u00f3n ante el Alt\u00edsimo. Gracias por haber respondido a mi llamado.\u201d<\/p>\n<p><strong>Mensaje, 25. junio 2013<\/strong><br \/>\n\u201c\u00a1Queridos hijos! Los amo a todos con alegr\u00eda en el coraz\u00f3n, y los invito a acercarse a mi Coraz\u00f3n Inmaculado, para que Yo pueda acercarlos a\u00fan m\u00e1s a mi Hijo Jes\u00fas y para que \u00c9l pueda darles su paz y su amor, que son alimento para cada uno de ustedes. Abranse hijitos a la oraci\u00f3n, \u00e1branse a mi amor. Yo soy vuestra Madre y no puedo dejarlos solos en el deambular y el pecado. Hijitos, ustedes son llamados a ser mis hijos, mis hijos amados, para poder presentarlos a todos a mi Hijo. Gracias por haber respondido a mi llamado.\u201d<\/p>\n<p><strong>Mensaje, 25. mayo 2013<\/strong><br \/>\n\u201c\u00a1Queridos hijos! Hoy los invito a ser fuertes y decididos en la fe y en la oraci\u00f3n, hasta que sus oraciones sean tan fuertes que abran el Coraz\u00f3n de mi amado Hijo Jes\u00fas. Oren hijitos, oren sin cesar hasta que vuestro coraz\u00f3n se abra al amor de Dios. Yo estoy con ustedes e intercedo por todos ustedes y oro por su conversi\u00f3n. Gracias por haber respondido a mi llamado.\u201d<\/p>\n<p><strong>Mensaje, 25. abril 2013<\/strong><br \/>\n\u201c\u00a1Queridos hijos! Oren, oren, y s\u00f3lo oren, hasta que su coraz\u00f3n se abra a la fe, como una flor se abre a los c\u00e1lidos rayos del sol. Este es un tiempo de gracia que Dios les da a trav\u00e9s de mi presencia, sin embargo, ustedes est\u00e1n lejos de mi Coraz\u00f3n, por eso los invito a la conversi\u00f3n personal y a la oraci\u00f3n familiar. Que la Sagrada Escritura sea siempre un est\u00edmulo para ustedes. Los bendigo a todos con mi bendici\u00f3n maternal. Gracias por haber respondido a mi llamado.\u201d<\/p>\n<p><strong>Mensaje, 25. marzo 2013<\/strong><br \/>\n\u201c\u00a1Queridos hijos! En este tiempo de gracia, los invito a tomar en sus manos la cruz de mi amado Hijo Jes\u00fas y a meditar acerca de Su Pasi\u00f3n y Muerte. Que vuestros sufrimientos est\u00e9n unidos a Su sufrimiento y as\u00ed vencer\u00e1 el amor, porque El, que es el amor, por amor se dio a s\u00ed mismo para salvar a cada uno de ustedes. Oren, oren, oren hasta que el amor y la paz reinen en sus corazones. Gracias por haber respondido a mi llamado.\u201d<\/p>\n<p><strong>Mensaje, 25. febrero 2013<\/strong><br \/>\n\u201c\u00a1Queridos hijos! Tambi\u00e9n hoy los invito a la oraci\u00f3n. El pecado los atrae hacia las cosas terrenales, yo, por el contrario, he venido a guiarlos hacia la santidad y hacia las cosas de Dios; sin embargo, ustedes se resisten y desperdician sus energ\u00edas en la lucha entre el bien y el mal que est\u00e1n dentro de ustedes. Por eso hijitos, oren, oren, oren hasta que la oraci\u00f3n se convierta para ustedes en alegr\u00eda, as\u00ed su vida se convertir\u00e1 en un simple camino hacia Dios. Gracias por haber respondido a mi llamado.\u201d<\/p>\n<p><strong>Mensaje, 25. enero 2013<\/strong><br \/>\n\u201c\u00a1Queridos hijos! Tambi\u00e9n hoy los invito a la oraci\u00f3n. Que vuestra oraci\u00f3n se haga tan fuerte como piedra viva, hasta que con sus vidas se conviertan en testigos. Testimonien la belleza de su fe. Yo estoy con ustedes e intercedo ante mi Hijo por cada uno de ustedes. Gracias por haber respondido a mi llamado.\u201d<\/p>\n<p><img decoding=\"async\" class=\"alignnone wp-image-11858 size-full lazyload\" title=\"Mensajes de Medjugorje 2013\" data-src=\"https:\/\/www.pilgrim-info.com\/wp-content\/uploads\/2016\/09\/1472810716_medjugorje_pilgrim_info_com.jpg\" alt=\"Mensajes de Medjugorje 2013 medjugorje medjugorie medjugorje live medjugorje messages medjugorje apparitions medugorje virgen de medjugorje\" width=\"600\" height=\"398\" data-srcset=\"https:\/\/www.pilgrim-info.com\/wp-content\/uploads\/2016\/09\/1472810716_medjugorje_pilgrim_info_com.jpg 600w, https:\/\/www.pilgrim-info.com\/wp-content\/uploads\/2016\/09\/1472810716_medjugorje_pilgrim_info_com-300x200.jpg 300w, https:\/\/www.pilgrim-info.com\/wp-content\/uploads\/2016\/09\/1472810716_medjugorje_pilgrim_info_com-250x165.jpg 250w\" data-sizes=\"(max-width: 600px) 100vw, 600px\" src=\"data:image\/svg+xml;base64,PHN2ZyB3aWR0aD0iMSIgaGVpZ2h0PSIxIiB4bWxucz0iaHR0cDovL3d3dy53My5vcmcvMjAwMC9zdmciPjwvc3ZnPg==\" style=\"--smush-placeholder-width: 600px; --smush-placeholder-aspect-ratio: 600\/398;\" \/><\/p>\n<h3>Historia de las Apariciones de la Virgen en Medjugorje<\/h3>\n<blockquote>\n<h3>En Medjugorje (Citluk, Bosnia y Herzegovina) m\u00e1s de quince a\u00f1os seis testigos fidedignos perseverantemente dan fe bajo juramento, que desde el 24 de junio de 1981, la Bienaventurada Virgen Mar\u00eda, o la \u00abGospa\u00bb, como aqu\u00ed se la conoce afectuosamente, se les aparece casi cada d\u00eda hasta el de hoy.<\/h3>\n<\/blockquote>\n<h3><strong>El primer d\u00eda<\/strong><\/h3>\n<p>En la fecha citada, hacia aproximadamente las seis de la tarde, en la zona de la colina de Crnica, conocida como Podbrdo, los ni\u00f1os Ivanka Ivankovic, Mirjana Dragicevic, Vicka Ivankovic, Ivan Dragicevic, Ivan Ivankovic y Milka Pavlovic vieron una incre\u00edblemente bella mujer joven, con un ni\u00f1o peque\u00f1o en brazos.<\/p>\n<p>No les dijo nada, pero les indicaba con gestos que pod\u00edan acercarse. Sorprendidos y asustados, tuvieron miedo de acercarse, aunque pensaron inmediatamente que era la Virgen.<\/p>\n<p><strong><span id=\"Enlaces_externos\" class=\"mw-headline\">Enlaces externos<\/span><\/strong><\/p>\n<ul>\n<li data-wpview-marker=\"http%3A%2F%2Fmedjugorje.hr\"><a href=\"http:\/\/medjugorje.hr\" target=\"_blank\" rel=\"noopener\">medjugorje.hr<\/a><\/li>\n<\/ul>\n","protected":false},"excerpt":{"rendered":"<p>Mensajes de Medjugorje 2013 Mensaje, 25. diciembre 2013 \u201cQueridos hijos! Les traigo al Rey de la Paz, para que El&#8230; <a class=\"moretag\" href=\"https:\/\/www.pilgrim-info.com\/es\/mensajes-medjugorje-2013\/\">Continue Reading<\/a><\/p>\n","protected":false},"author":1,"featured_media":0,"parent":0,"menu_order":0,"comment_status":"closed","ping_status":"closed","template":"","meta":{"_monsterinsights_skip_tracking":false,"_monsterinsights_sitenote_active":false,"_monsterinsights_sitenote_note":"","_monsterinsights_sitenote_category":0,"footnotes":""},"class_list":["post-19396","page","type-page","status-publish","hentry"," post "],"yoast_head":"<!-- This site is optimized with the Yoast SEO plugin v23.4 - https:\/\/yoast.com\/wordpress\/plugins\/seo\/ -->\n<title>Mensajes de Nuestra Se\u00f1ora de Medjugorje 2013 - Pilgrim-info.com<\/title>\n<meta name=\"description\" content=\"Mensajes de Medjugorje 2013 - Les traigo al Rey de la Paz, para que El les d\u00e9 su paz. Ustedes, hijitos, oren, oren, oren.\" \/>\n<meta name=\"robots\" content=\"index, follow, max-snippet:-1, max-image-preview:large, max-video-preview:-1\" \/>\n<link rel=\"canonical\" href=\"https:\/\/www.pilgrim-info.com\/es\/mensajes-medjugorje-2013\/\" \/>\n<meta name=\"twitter:card\" content=\"summary_large_image\" \/>\n<meta name=\"twitter:title\" content=\"Mensajes de Nuestra Se\u00f1ora de Medjugorje 2013 - Pilgrim-info.com\" \/>\n<meta name=\"twitter:description\" content=\"Mensajes de Medjugorje 2013 - Les traigo al Rey de la Paz, para que El les d\u00e9 su paz. Ustedes, hijitos, oren, oren, oren.\" \/>\n<meta name=\"twitter:image\" content=\"https:\/\/www.pilgrim-info.com\/wp-content\/uploads\/2016\/09\/1472810716_medjugorje_pilgrim_info_com.jpg\" \/>\n<meta name=\"twitter:label1\" content=\"Tiempo de lectura\" \/>\n\t<meta name=\"twitter:data1\" content=\"6 minutos\" \/>\n<script type=\"application\/ld+json\" class=\"yoast-schema-graph\">{\"@context\":\"https:\/\/schema.org\",\"@graph\":[{\"@type\":\"WebPage\",\"@id\":\"https:\/\/www.pilgrim-info.com\/es\/mensajes-medjugorje-2013\/\",\"url\":\"https:\/\/www.pilgrim-info.com\/es\/mensajes-medjugorje-2013\/\",\"name\":\"Mensajes de Nuestra Se\u00f1ora de Medjugorje 2013 - Pilgrim-info.com\",\"isPartOf\":{\"@id\":\"https:\/\/www.pilgrim-info.com\/#website\"},\"primaryImageOfPage\":{\"@id\":\"https:\/\/www.pilgrim-info.com\/es\/mensajes-medjugorje-2013\/#primaryimage\"},\"image\":{\"@id\":\"https:\/\/www.pilgrim-info.com\/es\/mensajes-medjugorje-2013\/#primaryimage\"},\"thumbnailUrl\":\"https:\/\/www.pilgrim-info.com\/wp-content\/uploads\/2016\/09\/1472810716_medjugorje_pilgrim_info_com.jpg\",\"datePublished\":\"2018-01-17T06:24:55+00:00\",\"dateModified\":\"2018-01-17T06:28:29+00:00\",\"description\":\"Mensajes de Medjugorje 2013 - Les traigo al Rey de la Paz, para que El les d\u00e9 su paz. Ustedes, hijitos, oren, oren, oren.\",\"inLanguage\":\"es\",\"potentialAction\":[{\"@type\":\"ReadAction\",\"target\":[\"https:\/\/www.pilgrim-info.com\/es\/mensajes-medjugorje-2013\/\"]}]},{\"@type\":\"ImageObject\",\"inLanguage\":\"es\",\"@id\":\"https:\/\/www.pilgrim-info.com\/es\/mensajes-medjugorje-2013\/#primaryimage\",\"url\":\"https:\/\/www.pilgrim-info.com\/wp-content\/uploads\/2016\/09\/1472810716_medjugorje_pilgrim_info_com.jpg\",\"contentUrl\":\"https:\/\/www.pilgrim-info.com\/wp-content\/uploads\/2016\/09\/1472810716_medjugorje_pilgrim_info_com.jpg\"},{\"@type\":\"WebSite\",\"@id\":\"https:\/\/www.pilgrim-info.com\/#website\",\"url\":\"https:\/\/www.pilgrim-info.com\/\",\"name\":\"Pilgrim-info.com\",\"description\":\"Catholic Shrines, Saints and Prayers\",\"potentialAction\":[{\"@type\":\"SearchAction\",\"target\":{\"@type\":\"EntryPoint\",\"urlTemplate\":\"https:\/\/www.pilgrim-info.com\/?s={search_term_string}\"},\"query-input\":{\"@type\":\"PropertyValueSpecification\",\"valueRequired\":true,\"valueName\":\"search_term_string\"}}],\"inLanguage\":\"es\"}]}<\/script>\n<!-- \/ Yoast SEO plugin. -->","yoast_head_json":{"title":"Mensajes de Nuestra Se\u00f1ora de Medjugorje 2013 - Pilgrim-info.com","description":"Mensajes de Medjugorje 2013 - Les traigo al Rey de la Paz, para que El les d\u00e9 su paz. Ustedes, hijitos, oren, oren, oren.","robots":{"index":"index","follow":"follow","max-snippet":"max-snippet:-1","max-image-preview":"max-image-preview:large","max-video-preview":"max-video-preview:-1"},"canonical":"https:\/\/www.pilgrim-info.com\/es\/mensajes-medjugorje-2013\/","twitter_card":"summary_large_image","twitter_title":"Mensajes de Nuestra Se\u00f1ora de Medjugorje 2013 - Pilgrim-info.com","twitter_description":"Mensajes de Medjugorje 2013 - Les traigo al Rey de la Paz, para que El les d\u00e9 su paz. Ustedes, hijitos, oren, oren, oren.","twitter_image":"https:\/\/www.pilgrim-info.com\/wp-content\/uploads\/2016\/09\/1472810716_medjugorje_pilgrim_info_com.jpg","twitter_misc":{"Tiempo de lectura":"6 minutos"},"schema":{"@context":"https:\/\/schema.org","@graph":[{"@type":"WebPage","@id":"https:\/\/www.pilgrim-info.com\/es\/mensajes-medjugorje-2013\/","url":"https:\/\/www.pilgrim-info.com\/es\/mensajes-medjugorje-2013\/","name":"Mensajes de Nuestra Se\u00f1ora de Medjugorje 2013 - Pilgrim-info.com","isPartOf":{"@id":"https:\/\/www.pilgrim-info.com\/#website"},"primaryImageOfPage":{"@id":"https:\/\/www.pilgrim-info.com\/es\/mensajes-medjugorje-2013\/#primaryimage"},"image":{"@id":"https:\/\/www.pilgrim-info.com\/es\/mensajes-medjugorje-2013\/#primaryimage"},"thumbnailUrl":"https:\/\/www.pilgrim-info.com\/wp-content\/uploads\/2016\/09\/1472810716_medjugorje_pilgrim_info_com.jpg","datePublished":"2018-01-17T06:24:55+00:00","dateModified":"2018-01-17T06:28:29+00:00","description":"Mensajes de Medjugorje 2013 - Les traigo al Rey de la Paz, para que El les d\u00e9 su paz. Ustedes, hijitos, oren, oren, oren.","inLanguage":"es","potentialAction":[{"@type":"ReadAction","target":["https:\/\/www.pilgrim-info.com\/es\/mensajes-medjugorje-2013\/"]}]},{"@type":"ImageObject","inLanguage":"es","@id":"https:\/\/www.pilgrim-info.com\/es\/mensajes-medjugorje-2013\/#primaryimage","url":"https:\/\/www.pilgrim-info.com\/wp-content\/uploads\/2016\/09\/1472810716_medjugorje_pilgrim_info_com.jpg","contentUrl":"https:\/\/www.pilgrim-info.com\/wp-content\/uploads\/2016\/09\/1472810716_medjugorje_pilgrim_info_com.jpg"},{"@type":"WebSite","@id":"https:\/\/www.pilgrim-info.com\/#website","url":"https:\/\/www.pilgrim-info.com\/","name":"Pilgrim-info.com","description":"Catholic Shrines, Saints and Prayers","potentialAction":[{"@type":"SearchAction","target":{"@type":"EntryPoint","urlTemplate":"https:\/\/www.pilgrim-info.com\/?s={search_term_string}"},"query-input":{"@type":"PropertyValueSpecification","valueRequired":true,"valueName":"search_term_string"}}],"inLanguage":"es"}]}},"_links":{"self":[{"href":"https:\/\/www.pilgrim-info.com\/es\/wp-json\/wp\/v2\/pages\/19396","targetHints":{"allow":["GET"]}}],"collection":[{"href":"https:\/\/www.pilgrim-info.com\/es\/wp-json\/wp\/v2\/pages"}],"about":[{"href":"https:\/\/www.pilgrim-info.com\/es\/wp-json\/wp\/v2\/types\/page"}],"author":[{"embeddable":true,"href":"https:\/\/www.pilgrim-info.com\/es\/wp-json\/wp\/v2\/users\/1"}],"replies":[{"embeddable":true,"href":"https:\/\/www.pilgrim-info.com\/es\/wp-json\/wp\/v2\/comments?post=19396"}],"version-history":[{"count":0,"href":"https:\/\/www.pilgrim-info.com\/es\/wp-json\/wp\/v2\/pages\/19396\/revisions"}],"wp:attachment":[{"href":"https:\/\/www.pilgrim-info.com\/es\/wp-json\/wp\/v2\/media?parent=19396"}],"curies":[{"name":"wp","href":"https:\/\/api.w.org\/{rel}","templated":true}]}}