{"id":19393,"date":"2018-01-17T06:17:01","date_gmt":"2018-01-17T06:17:01","guid":{"rendered":"http:\/\/www.pilgrim-info.com\/?page_id=19393"},"modified":"2018-01-17T06:18:00","modified_gmt":"2018-01-17T06:18:00","slug":"mensajes-medjugorje-2014","status":"publish","type":"page","link":"https:\/\/www.pilgrim-info.com\/es\/mensajes-medjugorje-2014\/","title":{"rendered":"Mensajes de Nuestra Se\u00f1ora de Medjugorje 2014"},"content":{"rendered":"<p><strong>Mensaje, 25. diciembre 2014<\/strong><br \/>\n\u201cQueridos hijos! Tambi\u00e9n hoy, les traigo en mis brazos a mi Hijo Jes\u00fas, y a \u00c9l le pido la paz para ustedes y la paz entre ustedes. Oren y adoren a mi Hijo, para que en vuestros corazones entre su paz y su alegr\u00eda. Oro por ustedes para que cada vez est\u00e9n m\u00e1s abiertos a la oraci\u00f3n. Gracias por haber respondido a mi llamado.\u201d<\/p>\n<p><strong>Mensaje, 25. noviembre 2014<\/strong><br \/>\n\u201cQueridos hijos! De modo especial hoy los invito a la oraci\u00f3n. Oren, hijitos, para que comprendan qui\u00e9nes son y a d\u00f3nde deben ir. Sean portadores de la Buena Nueva y gente de esperanza. Sean amor para todos aquellos que est\u00e1n sin amor. Hijitos, podr\u00e1n ser y realizar todo solamente si oran y est\u00e1n abiertos a la voluntad de Dios, a Dios, que desea conducirlos a la vida eterna. Yo estoy con ustedes e intercedo d\u00eda tras d\u00eda por ustedes ante mi Hijo Jes\u00fas. Gracias por haber respondido a mi llamado.\u201d<\/p>\n<p><strong>Mensaje, 25. octubre 2014<\/strong><br \/>\n\u201cQueridos hijos! Oren en este tiempo de gracia y pidan la intercesi\u00f3n de todos los santos que ya est\u00e1n en la luz. Que ellos sean un ejemplo y un est\u00edmulo d\u00eda tras d\u00eda en el camino de su conversi\u00f3n. Hijitos, sean conscientes que su vida es breve y pasajera. Por eso, anhelen la eternidad y preparen sus corazones en la oraci\u00f3n. Yo estoy con ustedes e intercedo ante mi Hijo por cada uno de ustedes, especialmente por aquellos que se han consagrado a m\u00ed y a mi Hijo. Gracias por haber respondido a mi llamado.\u201d<\/p>\n<p><strong>Mensaje, 25. septiembre 2014<\/strong><br \/>\n\u201cQueridos hijos! Tambi\u00e9n hoy los invito para que ustedes, del mismo modo, sean como las estrellas, que con su resplandor dan luz y belleza a los dem\u00e1s, para que se alegren. Hijitos, sean tambi\u00e9n ustedes resplandor, hermosura, alegr\u00eda y paz, y especialmente oraci\u00f3n para todos aquellos que est\u00e1n lejos de mi amor y del amor de mi Hijo Jes\u00fas. Hijitos, testimonien su fe y oraci\u00f3n en alegr\u00eda, en la alegr\u00eda de la fe que est\u00e1 en sus corazones y oren por la paz que es un don precioso de Dios. Gracias por haber respondido a mi llamado.\u201d<\/p>\n<p><strong>Mensaje, 25. agosto 2014<\/strong><br \/>\n\u201cQueridos hijos! Oren por mis intenciones, porque Satan\u00e1s quiere destruir mi plan que tengo aqu\u00ed y robarles la paz. Por eso, hijitos, oren, oren, oren para que Dios a trav\u00e9s de cada uno de ustedes pueda actuar. Que sus corazones est\u00e9n abiertos a la voluntad de Dios. Yo los amo y los bendigo con mi bendici\u00f3n maternal. Gracias por haber respondido a mi llamado.\u201d<\/p>\n<p><strong>Mensaje, 25. julio 2014<\/strong><br \/>\n\u201c\u00a1Queridos hijos! Ustedes no son conscientes de las gracias que viven en este tiempo, en que el Alt\u00edsimo les da se\u00f1ales para que se abran y se conviertan. Regresen a Dios y a la oraci\u00f3n, y que en sus corazones, familias y comunidades reine la oraci\u00f3n, para que el Esp\u00edritu Santo los gu\u00ede y los anime a estar cada d\u00eda m\u00e1s abiertos a la voluntad de Dios y a Su plan para cada uno de ustedes. Yo estoy con ustedes, y con los santos y los \u00e1ngeles intercedo por ustedes. Gracias por haber respondido a mi llamado.\u201d<\/p>\n<p><strong>Mensaje, 25. junio 2014<\/strong><br \/>\n\u201cQueridos hijos! El Alt\u00edsimo me da la gracia de poder estar a\u00fan con ustedes y de guiarlos en la oraci\u00f3n hacia el camino de la paz. Vuestro coraz\u00f3n y vuestra alma tienen sed de paz y de amor, de Dios y de Su alegr\u00eda. Por eso, hijitos, oren, oren, oren y en la oraci\u00f3n descubrir\u00e1n la sabidur\u00eda del vivir. Yo los bendigo a todos e intercedo por cada uno de ustedes ante mi Hijo Jes\u00fas. Gracias por haber respondido a mi llamado.\u201d<\/p>\n<p><strong>Mensaje, 25. mayo 2014<\/strong><br \/>\n\u201c\u00a1Queridos hijos! Oren y sean conscientes de que ustedes sin Dios son polvo. Por lo tanto, dirijan sus pensamientos y su coraz\u00f3n a Dios y a la oraci\u00f3n. Conf\u00eden en Su amor. En el Esp\u00edritu de Dios, hijitos, est\u00e1n todos ustedes invitados a ser testigos. Ustedes son preciosos y yo los invito, hijitos, a la santidad, a la vida eterna. Por lo tanto, sean conscientes de que esta vida es pasajera. Yo los amo y los invito a una vida nueva de conversi\u00f3n. Gracias por haber respondido a mi llamado.\u201d<\/p>\n<p><strong>Mensaje, 25. abril 2014<\/strong><br \/>\n\u201cQueridos hijos! Abran sus corazones a la gracia que Dios les da a trav\u00e9s de m\u00ed como una flor que se abre a los c\u00e1lidos rayos del sol. Sean oraci\u00f3n y amor para todos aquellos que est\u00e1n lejos de Dios y de Su amor. Yo estoy con ustedes e intercedo por todos ustedes ante mi Hijo Jes\u00fas y los amo con un amor inconmensurable. Gracias por haber respondido a mi llamado.\u201d<\/p>\n<p><strong>Mensaje, 25. marzo 2014<\/strong><br \/>\n\u201cQueridos hijos! Los invito de nuevo: comiencen la lucha contra el pecado como en los primeros d\u00edas, vayan a la confesi\u00f3n y dec\u00eddanse por la santidad. El amor de Dios fluir\u00e1 al mundo a trav\u00e9s de ustedes, la paz reinar\u00e1 en vuestros corazones y la bendici\u00f3n de Dios los llenar\u00e1. Yo estoy con ustedes y ante mi Hijo Jes\u00fas intercedo por todos ustedes. Gracias por haber respondido a mi llamado.\u201d<\/p>\n<p><strong>Mensaje, 25. febrero 2014<\/strong><br \/>\n\u201cQueridos hijos! Ven, oyen y sienten que en los corazones de mucha gente no est\u00e1 Dios: no lo quieren, porque est\u00e1n lejos de la oraci\u00f3n y no tienen paz. Ustedes, hijitos, oren, vivan los mandamientos de Dios. Ustedes sean oraci\u00f3n, ustedes que desde el principio mismo han dicho \u00abs\u00ed\u00bb a mi llamado. Testimonien a Dios y mi presencia, y no olviden, hijitos, Yo estoy con ustedes y los amo. D\u00eda a d\u00eda los presento a todos a mi Hijo Jes\u00fas. Gracias por haber respondido a mi llamado.\u201d<\/p>\n<p><strong>Mensaje, 25. enero 2014<\/strong><br \/>\n\u201cQueridos hijos! Oren, oren, oren para que el reflejo de su oraci\u00f3n influya en las personas que encuentren. Pongan en sus familias la Sagrada Escritura en un lugar visible y l\u00e9anla para que esas palabras de paz fluyan en sus corazones. Oro con ustedes y por ustedes, hijitos, para que d\u00eda tras d\u00eda est\u00e9n a\u00fan m\u00e1s abiertos a la voluntad de Dios. Gracias por haber respondido a mi llamado.\u201d<\/p>\n<p><img decoding=\"async\" class=\"alignnone wp-image-8187 size-full lazyload\" title=\"Mensajes de Medjugorje 2014\" data-src=\"https:\/\/www.pilgrim-info.com\/wp-content\/uploads\/2016\/07\/medjugorje-pilgrim-info.jpg\" alt=\"Mensajes de Medjugorje 2014 medjugorje medjugorie medjugorje live medjugorje messages medjugorje apparitions medugorje virgen de medjugorje\" width=\"765\" height=\"496\" src=\"data:image\/svg+xml;base64,PHN2ZyB3aWR0aD0iMSIgaGVpZ2h0PSIxIiB4bWxucz0iaHR0cDovL3d3dy53My5vcmcvMjAwMC9zdmciPjwvc3ZnPg==\" style=\"--smush-placeholder-width: 765px; --smush-placeholder-aspect-ratio: 765\/496;\" \/><\/p>\n<h3>Historia de las Apariciones de la Virgen en Medjugorje<\/h3>\n<blockquote>\n<h3>En Medjugorje (Citluk, Bosnia y Herzegovina) m\u00e1s de quince a\u00f1os seis testigos fidedignos perseverantemente dan fe bajo juramento, que desde el 24 de junio de 1981, la Bienaventurada Virgen Mar\u00eda, o la \u00abGospa\u00bb, como aqu\u00ed se la conoce afectuosamente, se les aparece casi cada d\u00eda hasta el de hoy.<\/h3>\n<\/blockquote>\n<h3><strong>El primer d\u00eda<\/strong><\/h3>\n<p>En la fecha citada, hacia aproximadamente las seis de la tarde, en la zona de la colina de Crnica, conocida como Podbrdo, los ni\u00f1os Ivanka Ivankovic, Mirjana Dragicevic, Vicka Ivankovic, Ivan Dragicevic, Ivan Ivankovic y Milka Pavlovic vieron una incre\u00edblemente bella mujer joven, con un ni\u00f1o peque\u00f1o en brazos.<\/p>\n<p>No les dijo nada, pero les indicaba con gestos que pod\u00edan acercarse. Sorprendidos y asustados, tuvieron miedo de acercarse, aunque pensaron inmediatamente que era la Virgen.<\/p>\n","protected":false},"excerpt":{"rendered":"<p>Mensaje, 25. diciembre 2014 \u201cQueridos hijos! Tambi\u00e9n hoy, les traigo en mis brazos a mi Hijo Jes\u00fas, y a \u00c9l&#8230; <a class=\"moretag\" href=\"https:\/\/www.pilgrim-info.com\/es\/mensajes-medjugorje-2014\/\">Continue Reading<\/a><\/p>\n","protected":false},"author":1,"featured_media":0,"parent":0,"menu_order":0,"comment_status":"closed","ping_status":"closed","template":"","meta":{"_monsterinsights_skip_tracking":false,"_monsterinsights_sitenote_active":false,"_monsterinsights_sitenote_note":"","_monsterinsights_sitenote_category":0,"footnotes":""},"class_list":["post-19393","page","type-page","status-publish","hentry"," post "],"yoast_head":"<!-- This site is optimized with the Yoast SEO plugin v23.4 - https:\/\/yoast.com\/wordpress\/plugins\/seo\/ -->\n<title>Mensajes de Nuestra Se\u00f1ora de Medjugorje 2014 - Pilgrim-info.com<\/title>\n<meta name=\"description\" content=\"Mensajes de Medjugorje 2014 - Tambi\u00e9n hoy, les traigo en mis brazos a mi Hijo Jes\u00fas, y a \u00c9l le pido la paz para ustedes y la paz entre ustedes.\" \/>\n<meta name=\"robots\" content=\"index, follow, max-snippet:-1, max-image-preview:large, max-video-preview:-1\" \/>\n<link rel=\"canonical\" href=\"https:\/\/www.pilgrim-info.com\/es\/mensajes-medjugorje-2014\/\" \/>\n<meta name=\"twitter:card\" content=\"summary_large_image\" \/>\n<meta name=\"twitter:title\" content=\"Mensajes de Nuestra Se\u00f1ora de Medjugorje 2014 - Pilgrim-info.com\" \/>\n<meta name=\"twitter:description\" content=\"Mensajes de Medjugorje 2014 - Tambi\u00e9n hoy, les traigo en mis brazos a mi Hijo Jes\u00fas, y a \u00c9l le pido la paz para ustedes y la paz entre ustedes.\" \/>\n<meta name=\"twitter:image\" content=\"https:\/\/www.pilgrim-info.com\/wp-content\/uploads\/2016\/07\/medjugorje-pilgrim-info.jpg\" \/>\n<meta name=\"twitter:label1\" content=\"Tiempo de lectura\" \/>\n\t<meta name=\"twitter:data1\" content=\"6 minutos\" \/>\n<script type=\"application\/ld+json\" class=\"yoast-schema-graph\">{\"@context\":\"https:\/\/schema.org\",\"@graph\":[{\"@type\":\"WebPage\",\"@id\":\"https:\/\/www.pilgrim-info.com\/es\/mensajes-medjugorje-2014\/\",\"url\":\"https:\/\/www.pilgrim-info.com\/es\/mensajes-medjugorje-2014\/\",\"name\":\"Mensajes de Nuestra Se\u00f1ora de Medjugorje 2014 - Pilgrim-info.com\",\"isPartOf\":{\"@id\":\"https:\/\/www.pilgrim-info.com\/#website\"},\"primaryImageOfPage\":{\"@id\":\"https:\/\/www.pilgrim-info.com\/es\/mensajes-medjugorje-2014\/#primaryimage\"},\"image\":{\"@id\":\"https:\/\/www.pilgrim-info.com\/es\/mensajes-medjugorje-2014\/#primaryimage\"},\"thumbnailUrl\":\"https:\/\/www.pilgrim-info.com\/wp-content\/uploads\/2016\/07\/medjugorje-pilgrim-info.jpg\",\"datePublished\":\"2018-01-17T06:17:01+00:00\",\"dateModified\":\"2018-01-17T06:18:00+00:00\",\"description\":\"Mensajes de Medjugorje 2014 - Tambi\u00e9n hoy, les traigo en mis brazos a mi Hijo Jes\u00fas, y a \u00c9l le pido la paz para ustedes y la paz entre ustedes.\",\"inLanguage\":\"es\",\"potentialAction\":[{\"@type\":\"ReadAction\",\"target\":[\"https:\/\/www.pilgrim-info.com\/es\/mensajes-medjugorje-2014\/\"]}]},{\"@type\":\"ImageObject\",\"inLanguage\":\"es\",\"@id\":\"https:\/\/www.pilgrim-info.com\/es\/mensajes-medjugorje-2014\/#primaryimage\",\"url\":\"https:\/\/www.pilgrim-info.com\/wp-content\/uploads\/2016\/07\/medjugorje-pilgrim-info.jpg\",\"contentUrl\":\"https:\/\/www.pilgrim-info.com\/wp-content\/uploads\/2016\/07\/medjugorje-pilgrim-info.jpg\"},{\"@type\":\"WebSite\",\"@id\":\"https:\/\/www.pilgrim-info.com\/#website\",\"url\":\"https:\/\/www.pilgrim-info.com\/\",\"name\":\"Pilgrim-info.com\",\"description\":\"Catholic Shrines, Saints and Prayers\",\"potentialAction\":[{\"@type\":\"SearchAction\",\"target\":{\"@type\":\"EntryPoint\",\"urlTemplate\":\"https:\/\/www.pilgrim-info.com\/?s={search_term_string}\"},\"query-input\":{\"@type\":\"PropertyValueSpecification\",\"valueRequired\":true,\"valueName\":\"search_term_string\"}}],\"inLanguage\":\"es\"}]}<\/script>\n<!-- \/ Yoast SEO plugin. -->","yoast_head_json":{"title":"Mensajes de Nuestra Se\u00f1ora de Medjugorje 2014 - Pilgrim-info.com","description":"Mensajes de Medjugorje 2014 - Tambi\u00e9n hoy, les traigo en mis brazos a mi Hijo Jes\u00fas, y a \u00c9l le pido la paz para ustedes y la paz entre ustedes.","robots":{"index":"index","follow":"follow","max-snippet":"max-snippet:-1","max-image-preview":"max-image-preview:large","max-video-preview":"max-video-preview:-1"},"canonical":"https:\/\/www.pilgrim-info.com\/es\/mensajes-medjugorje-2014\/","twitter_card":"summary_large_image","twitter_title":"Mensajes de Nuestra Se\u00f1ora de Medjugorje 2014 - Pilgrim-info.com","twitter_description":"Mensajes de Medjugorje 2014 - Tambi\u00e9n hoy, les traigo en mis brazos a mi Hijo Jes\u00fas, y a \u00c9l le pido la paz para ustedes y la paz entre ustedes.","twitter_image":"https:\/\/www.pilgrim-info.com\/wp-content\/uploads\/2016\/07\/medjugorje-pilgrim-info.jpg","twitter_misc":{"Tiempo de lectura":"6 minutos"},"schema":{"@context":"https:\/\/schema.org","@graph":[{"@type":"WebPage","@id":"https:\/\/www.pilgrim-info.com\/es\/mensajes-medjugorje-2014\/","url":"https:\/\/www.pilgrim-info.com\/es\/mensajes-medjugorje-2014\/","name":"Mensajes de Nuestra Se\u00f1ora de Medjugorje 2014 - Pilgrim-info.com","isPartOf":{"@id":"https:\/\/www.pilgrim-info.com\/#website"},"primaryImageOfPage":{"@id":"https:\/\/www.pilgrim-info.com\/es\/mensajes-medjugorje-2014\/#primaryimage"},"image":{"@id":"https:\/\/www.pilgrim-info.com\/es\/mensajes-medjugorje-2014\/#primaryimage"},"thumbnailUrl":"https:\/\/www.pilgrim-info.com\/wp-content\/uploads\/2016\/07\/medjugorje-pilgrim-info.jpg","datePublished":"2018-01-17T06:17:01+00:00","dateModified":"2018-01-17T06:18:00+00:00","description":"Mensajes de Medjugorje 2014 - Tambi\u00e9n hoy, les traigo en mis brazos a mi Hijo Jes\u00fas, y a \u00c9l le pido la paz para ustedes y la paz entre ustedes.","inLanguage":"es","potentialAction":[{"@type":"ReadAction","target":["https:\/\/www.pilgrim-info.com\/es\/mensajes-medjugorje-2014\/"]}]},{"@type":"ImageObject","inLanguage":"es","@id":"https:\/\/www.pilgrim-info.com\/es\/mensajes-medjugorje-2014\/#primaryimage","url":"https:\/\/www.pilgrim-info.com\/wp-content\/uploads\/2016\/07\/medjugorje-pilgrim-info.jpg","contentUrl":"https:\/\/www.pilgrim-info.com\/wp-content\/uploads\/2016\/07\/medjugorje-pilgrim-info.jpg"},{"@type":"WebSite","@id":"https:\/\/www.pilgrim-info.com\/#website","url":"https:\/\/www.pilgrim-info.com\/","name":"Pilgrim-info.com","description":"Catholic Shrines, Saints and Prayers","potentialAction":[{"@type":"SearchAction","target":{"@type":"EntryPoint","urlTemplate":"https:\/\/www.pilgrim-info.com\/?s={search_term_string}"},"query-input":{"@type":"PropertyValueSpecification","valueRequired":true,"valueName":"search_term_string"}}],"inLanguage":"es"}]}},"_links":{"self":[{"href":"https:\/\/www.pilgrim-info.com\/es\/wp-json\/wp\/v2\/pages\/19393","targetHints":{"allow":["GET"]}}],"collection":[{"href":"https:\/\/www.pilgrim-info.com\/es\/wp-json\/wp\/v2\/pages"}],"about":[{"href":"https:\/\/www.pilgrim-info.com\/es\/wp-json\/wp\/v2\/types\/page"}],"author":[{"embeddable":true,"href":"https:\/\/www.pilgrim-info.com\/es\/wp-json\/wp\/v2\/users\/1"}],"replies":[{"embeddable":true,"href":"https:\/\/www.pilgrim-info.com\/es\/wp-json\/wp\/v2\/comments?post=19393"}],"version-history":[{"count":0,"href":"https:\/\/www.pilgrim-info.com\/es\/wp-json\/wp\/v2\/pages\/19393\/revisions"}],"wp:attachment":[{"href":"https:\/\/www.pilgrim-info.com\/es\/wp-json\/wp\/v2\/media?parent=19393"}],"curies":[{"name":"wp","href":"https:\/\/api.w.org\/{rel}","templated":true}]}}