{"id":19391,"date":"2018-01-17T06:07:03","date_gmt":"2018-01-17T06:07:03","guid":{"rendered":"http:\/\/www.pilgrim-info.com\/?page_id=19391"},"modified":"2018-01-17T06:07:03","modified_gmt":"2018-01-17T06:07:03","slug":"mensajes-medjugorje-2015","status":"publish","type":"page","link":"https:\/\/www.pilgrim-info.com\/es\/mensajes-medjugorje-2015\/","title":{"rendered":"Mensajes de Nuestra Se\u00f1ora de Medjugorje 2015"},"content":{"rendered":"<h2><strong>Mensajes de Medjugorje 2016<\/strong><\/h2>\n<p><strong>Mensaje, 25. diciembre 2015<\/strong><br \/>\n\u201cQueridos hijos! Tambi\u00e9n hoy les traigo en mis brazos a mi Hijo Jes\u00fas y desde este abrazo les doy Su paz y el anhelo por el Cielo. Oro con ustedes por la paz y los invito a ser paz. Los bendigo a todos con mi bendici\u00f3n maternal de paz. Gracias por haber respondido a mi llamado.\u00bb<\/p>\n<p><strong>Mensaje, 25. noviembre 2015<\/strong><br \/>\n\u201cQueridos hijos! Hoy los llamo a todos: oren por mis intenciones. La paz est\u00e1 en peligro, por lo tanto, hijitos, oren y sean portadores de paz y esperanza en este mundo sin paz donde Satan\u00e1s ataca y pone a prueba de todas las formas. Hijitos, sean fuertes en la oraci\u00f3n y valientes en la fe. Yo estoy con ustedes e intercedo ante mi Hijo Jes\u00fas por todos ustedes. Gracias por haber respondido a mi llamado.\u00bb<\/p>\n<p><strong>Mensaje, 25. octubre 2015<\/strong><br \/>\n\u201cQueridos hijos! Mi oraci\u00f3n tambi\u00e9n hoy es para todos ustedes, especialmente para aquellos que se han vuelto duros de coraz\u00f3n a mi llamado. Ustedes viven d\u00edas de gracia y no son conscientes de los dones que Dios les da a trav\u00e9s de mi presencia. Hijitos, dec\u00eddanse tambi\u00e9n hoy por la santidad y tomen el ejemplo de los santos de estos tiempos y ver\u00e1n que la santidad es una realidad para todos ustedes. Regoc\u00edjense en el amor, hijitos, porque ustedes son \u00fanicos e insustituibles ante los ojos de Dios, porque son la alegr\u00eda de Dios en este mundo. Testimonien la paz, la oraci\u00f3n y el amor. Gracias por haber respondido a mi llamado.\u00bb<\/p>\n<p><strong>Mensaje, 25. septiembre 2015<\/strong><br \/>\n\u201cQueridos hijos! Tambi\u00e9n hoy oro al Esp\u00edritu Santo para que llene sus corazones con una fe firme. La oraci\u00f3n y la fe llenar\u00e1n su coraz\u00f3n de amor y de alegr\u00eda, y ustedes ser\u00e1n una se\u00f1al para aquellos que est\u00e1n lejos de Dios. Hijitos, exh\u00f3rtense unos a otros a la oraci\u00f3n con el coraz\u00f3n, para que la oraci\u00f3n llene su vida, y ustedes, hijitos, cada d\u00eda ser\u00e1n, sobre todo, testigos del servicio a Dios en la adoraci\u00f3n y al pr\u00f3jimo en la necesidad. Yo estoy con ustedes e intercedo por todos ustedes. Gracias por haber respondido a mi llamado.\u00bb<\/p>\n<p><strong>Mensaje, 25. agosto 2015<\/strong><br \/>\n\u201cQueridos hijos! Tambi\u00e9n hoy los invito a que sean oraci\u00f3n. Que la oraci\u00f3n sea para ustedes las alas para el encuentro con Dios. El mundo se encuentra en un momento de prueba porque ha olvidado y ha abandonado a Dios. Por eso, hijitos, sean aquellos que buscan y aman a Dios sobre todas las cosas. Yo estoy con ustedes y los guio hacia mi Hijo, pero ustedes tienen que dar su s\u00ed en la libertad de los hijos de Dios. Intercedo por ustedes, hijitos, y los amo con un amor infinito. Gracias por haber respondido a mi llamado.\u00bb<\/p>\n<p><strong>Mensaje, 25. julio 2015<\/strong><br \/>\n\u201cQueridos hijos! Tambi\u00e9n hoy con alegr\u00eda estoy con ustedes y los invito a todos, hijitos: oren, oren, oren para que comprendan el amor que tengo hacia ustedes. Mi amor es m\u00e1s fuerte que el mal por eso, hijitos, ac\u00e9rquense a Dios para que puedan sentir mi gozo en Dios. Sin Dios, hijitos, no tienen futuro, no tienen esperanza ni salvaci\u00f3n, por eso dejen el mal y elijan el bien. Yo estoy con ustedes y con ustedes intercedo ante Dios por todas sus necesidades. Gracias por haber respondido a mi llamado.\u00bb<\/p>\n<p><strong>Mensaje, 25. junio 2015<\/strong><br \/>\n\u201cQueridos hijos! Tambi\u00e9n hoy el Alt\u00edsimo me concede la gracia de poderlos amar y de llamarlos a la conversi\u00f3n. Hijitos, que Dios sea vuestro ma\u00f1ana, no la guerra ni el desasosiego, no la tristeza sino la alegr\u00eda y la paz deben reinar en los corazones de todos los hombres, y sin Dios nunca podr\u00e1n encontrar la paz. Hijitos, por eso regresen a Dios y a la oraci\u00f3n para que vuestro coraz\u00f3n cante con alegr\u00eda. Yo estoy con ustedes y los amo con inmenso amor. Gracias por haber respondido a mi llamado.\u00bb<\/p>\n<p><strong>Mensaje, 25. mayo 2015<\/strong><br \/>\n\u201cQueridos hijos! Tambi\u00e9n hoy estoy con ustedes y con alegr\u00eda los invito a todos: oren y crean en el poder de la oraci\u00f3n. Abran sus corazones, hijitos, para que Dios los llene con su amor y ustedes ser\u00e1n alegr\u00eda para los dem\u00e1s. Su testimonio ser\u00e1 poderoso y todo lo que har\u00e1n estar\u00e1 entretejido con la ternura de Dios. Yo estoy con ustedes y oro por ustedes y su conversi\u00f3n, hasta que pongan a Dios en el primer lugar. Gracias por haber respondido a mi llamado.\u00bb<\/p>\n<p><strong>Mensaje, 25. abril 2015<\/strong><br \/>\n\u201cQueridos hijos! Tambi\u00e9n hoy estoy con ustedes para guiarlos hacia la salvaci\u00f3n. Su alma est\u00e1 inquieta porque el esp\u00edritu est\u00e1 d\u00e9bil y cansado de todas las cosas terrenas. Ustedes, hijitos, p\u00eddanle al Esp\u00edritu Santo que \u00c9l los transfigure y los llene con su fuerza de fe y de esperanza, a fin de que est\u00e9n firmes en esta lucha contra el mal. Yo estoy con ustedes e intercedo por ustedes ante mi Hijo Jes\u00fas. Gracias por haber respondido a mi llamado.\u00bb<\/p>\n<p><strong>Mensaje, 25. marzo 2015<\/strong><br \/>\n\u201cQueridos hijos! Tambi\u00e9n hoy el Alt\u00edsimo me permite estar con ustedes y guiarlos por el camino de la conversi\u00f3n. Muchos corazones se han cerrado a la gracia y han hecho o\u00eddos sordos a mi llamado. Ustedes, hijitos, oren y luchen contra las tentaciones y contra todos los planes malvados que el diablo les ofrece a trav\u00e9s del modernismo. Sean fuertes en la oraci\u00f3n y con la cruz en las manos, oren para que el mal no los utilice y no venza en ustedes. Yo estoy con ustedes y oro por ustedes. Gracias por haber respondido a mi llamado.\u201d<\/p>\n<p><strong>Mensaje, 25. febrero 2015<\/strong><br \/>\n\u201cQueridos hijos! En este tiempo de gracia, los invito a todos: oren m\u00e1s y hablen menos. En la oraci\u00f3n busquen la voluntad de Dios y v\u00edvanla seg\u00fan los Mandamientos a los que Dios los invita. Yo estoy con ustedes y oro con ustedes. Gracias por haber respondido a mi llamado.\u201d<\/p>\n<p><strong>Mensaje, 25. enero 2015<\/strong><br \/>\n\u201cQueridos hijos! Tambi\u00e9n hoy los invito a vivir en oraci\u00f3n su vocaci\u00f3n. Ahora m\u00e1s que nunca, Satan\u00e1s quiere sofocar, con su viento contagioso de odio y de inquietud, al hombre y su alma. En muchos corazones no hay alegr\u00eda porque no est\u00e1 Dios ni la oraci\u00f3n. El odio y la guerra crecen d\u00eda a d\u00eda. Los invito, hijitos, a empezar de nuevo con entusiasmo el camino de la santidad y del amor, porque por eso yo he venido entre ustedes. Juntos, seamos amor y perd\u00f3n para todos aquellos que solo saben y quieren amar con el amor humano, y no con el inmenso amor de Dios al cual \u00c9l los invita. Hijitos, que la esperanza en un ma\u00f1ana mejor est\u00e9 siempre en su coraz\u00f3n. Gracias por haber respondido a mi llamado.\u201d<\/p>\n<p><img decoding=\"async\" class=\"alignnone wp-image-7041 size-full lazyload\" title=\"Mensajes de Medjugorje 2016\" data-src=\"https:\/\/www.pilgrim-info.com\/wp-content\/uploads\/2016\/04\/medjugorje-pilgrim-info11.jpg\" alt=\"Mensajes de Medjugorje 2016 medjugorje medjugorie medjugorje live medjugorje messages medjugorje apparitions medugorje virgen de medjugorje\" width=\"765\" height=\"496\" src=\"data:image\/svg+xml;base64,PHN2ZyB3aWR0aD0iMSIgaGVpZ2h0PSIxIiB4bWxucz0iaHR0cDovL3d3dy53My5vcmcvMjAwMC9zdmciPjwvc3ZnPg==\" style=\"--smush-placeholder-width: 765px; --smush-placeholder-aspect-ratio: 765\/496;\" \/><\/p>\n<h3>Historia de las Apariciones de la Virgen en Medjugorje<\/h3>\n<blockquote>\n<h3>En Medjugorje (Citluk, Bosnia y Herzegovina) m\u00e1s de quince a\u00f1os seis testigos fidedignos perseverantemente dan fe bajo juramento, que desde el 24 de junio de 1981, la Bienaventurada Virgen Mar\u00eda, o la \u00abGospa\u00bb, como aqu\u00ed se la conoce afectuosamente, se les aparece casi cada d\u00eda hasta el de hoy.<\/h3>\n<\/blockquote>\n<h3><strong>El primer d\u00eda<\/strong><\/h3>\n<p>En la fecha citada, hacia aproximadamente las seis de la tarde, en la zona de la colina de Crnica, conocida como Podbrdo, los ni\u00f1os Ivanka Ivankovic, Mirjana Dragicevic, Vicka Ivankovic, Ivan Dragicevic, Ivan Ivankovic y Milka Pavlovic vieron una incre\u00edblemente bella mujer joven, con un ni\u00f1o peque\u00f1o en brazos.<\/p>\n<p>No les dijo nada, pero les indicaba con gestos que pod\u00edan acercarse. Sorprendidos y asustados, tuvieron miedo de acercarse, aunque pensaron inmediatamente que era la Virgen.<\/p>\n","protected":false},"excerpt":{"rendered":"<p>Mensajes de Medjugorje 2016 Mensaje, 25. diciembre 2015 \u201cQueridos hijos! Tambi\u00e9n hoy les traigo en mis brazos a mi Hijo&#8230; <a class=\"moretag\" href=\"https:\/\/www.pilgrim-info.com\/es\/mensajes-medjugorje-2015\/\">Continue Reading<\/a><\/p>\n","protected":false},"author":1,"featured_media":0,"parent":0,"menu_order":0,"comment_status":"closed","ping_status":"closed","template":"","meta":{"_monsterinsights_skip_tracking":false,"_monsterinsights_sitenote_active":false,"_monsterinsights_sitenote_note":"","_monsterinsights_sitenote_category":0,"footnotes":""},"class_list":["post-19391","page","type-page","status-publish","hentry"," post "],"yoast_head":"<!-- This site is optimized with the Yoast SEO plugin v23.4 - https:\/\/yoast.com\/wordpress\/plugins\/seo\/ -->\n<title>Mensajes de Nuestra Se\u00f1ora de Medjugorje 2015 - Pilgrim-info.com<\/title>\n<meta name=\"description\" content=\"Mensajes de Medjugorje 2016 - Tambi\u00e9n hoy les traigo en mis brazos a mi Hijo Jes\u00fas y desde este abrazo les doy Su paz y el anhelo por el Cielo.\" \/>\n<meta name=\"robots\" content=\"index, follow, max-snippet:-1, max-image-preview:large, max-video-preview:-1\" \/>\n<link rel=\"canonical\" href=\"https:\/\/www.pilgrim-info.com\/es\/mensajes-medjugorje-2015\/\" \/>\n<meta name=\"twitter:card\" content=\"summary_large_image\" \/>\n<meta name=\"twitter:title\" content=\"Mensajes de Nuestra Se\u00f1ora de Medjugorje 2015 - Pilgrim-info.com\" \/>\n<meta name=\"twitter:description\" content=\"Mensajes de Medjugorje 2016 - Tambi\u00e9n hoy les traigo en mis brazos a mi Hijo Jes\u00fas y desde este abrazo les doy Su paz y el anhelo por el Cielo.\" \/>\n<meta name=\"twitter:image\" content=\"https:\/\/www.pilgrim-info.com\/wp-content\/uploads\/2016\/04\/medjugorje-pilgrim-info11.jpg\" \/>\n<meta name=\"twitter:label1\" content=\"Tiempo de lectura\" \/>\n\t<meta name=\"twitter:data1\" content=\"7 minutos\" \/>\n<script type=\"application\/ld+json\" class=\"yoast-schema-graph\">{\"@context\":\"https:\/\/schema.org\",\"@graph\":[{\"@type\":\"WebPage\",\"@id\":\"https:\/\/www.pilgrim-info.com\/es\/mensajes-medjugorje-2015\/\",\"url\":\"https:\/\/www.pilgrim-info.com\/es\/mensajes-medjugorje-2015\/\",\"name\":\"Mensajes de Nuestra Se\u00f1ora de Medjugorje 2015 - Pilgrim-info.com\",\"isPartOf\":{\"@id\":\"https:\/\/www.pilgrim-info.com\/#website\"},\"primaryImageOfPage\":{\"@id\":\"https:\/\/www.pilgrim-info.com\/es\/mensajes-medjugorje-2015\/#primaryimage\"},\"image\":{\"@id\":\"https:\/\/www.pilgrim-info.com\/es\/mensajes-medjugorje-2015\/#primaryimage\"},\"thumbnailUrl\":\"https:\/\/www.pilgrim-info.com\/wp-content\/uploads\/2016\/04\/medjugorje-pilgrim-info11.jpg\",\"datePublished\":\"2018-01-17T06:07:03+00:00\",\"dateModified\":\"2018-01-17T06:07:03+00:00\",\"description\":\"Mensajes de Medjugorje 2016 - Tambi\u00e9n hoy les traigo en mis brazos a mi Hijo Jes\u00fas y desde este abrazo les doy Su paz y el anhelo por el Cielo.\",\"inLanguage\":\"es\",\"potentialAction\":[{\"@type\":\"ReadAction\",\"target\":[\"https:\/\/www.pilgrim-info.com\/es\/mensajes-medjugorje-2015\/\"]}]},{\"@type\":\"ImageObject\",\"inLanguage\":\"es\",\"@id\":\"https:\/\/www.pilgrim-info.com\/es\/mensajes-medjugorje-2015\/#primaryimage\",\"url\":\"https:\/\/www.pilgrim-info.com\/wp-content\/uploads\/2016\/04\/medjugorje-pilgrim-info11.jpg\",\"contentUrl\":\"https:\/\/www.pilgrim-info.com\/wp-content\/uploads\/2016\/04\/medjugorje-pilgrim-info11.jpg\"},{\"@type\":\"WebSite\",\"@id\":\"https:\/\/www.pilgrim-info.com\/#website\",\"url\":\"https:\/\/www.pilgrim-info.com\/\",\"name\":\"Pilgrim-info.com\",\"description\":\"Catholic Shrines, Saints and Prayers\",\"potentialAction\":[{\"@type\":\"SearchAction\",\"target\":{\"@type\":\"EntryPoint\",\"urlTemplate\":\"https:\/\/www.pilgrim-info.com\/?s={search_term_string}\"},\"query-input\":{\"@type\":\"PropertyValueSpecification\",\"valueRequired\":true,\"valueName\":\"search_term_string\"}}],\"inLanguage\":\"es\"}]}<\/script>\n<!-- \/ Yoast SEO plugin. -->","yoast_head_json":{"title":"Mensajes de Nuestra Se\u00f1ora de Medjugorje 2015 - Pilgrim-info.com","description":"Mensajes de Medjugorje 2016 - Tambi\u00e9n hoy les traigo en mis brazos a mi Hijo Jes\u00fas y desde este abrazo les doy Su paz y el anhelo por el Cielo.","robots":{"index":"index","follow":"follow","max-snippet":"max-snippet:-1","max-image-preview":"max-image-preview:large","max-video-preview":"max-video-preview:-1"},"canonical":"https:\/\/www.pilgrim-info.com\/es\/mensajes-medjugorje-2015\/","twitter_card":"summary_large_image","twitter_title":"Mensajes de Nuestra Se\u00f1ora de Medjugorje 2015 - Pilgrim-info.com","twitter_description":"Mensajes de Medjugorje 2016 - Tambi\u00e9n hoy les traigo en mis brazos a mi Hijo Jes\u00fas y desde este abrazo les doy Su paz y el anhelo por el Cielo.","twitter_image":"https:\/\/www.pilgrim-info.com\/wp-content\/uploads\/2016\/04\/medjugorje-pilgrim-info11.jpg","twitter_misc":{"Tiempo de lectura":"7 minutos"},"schema":{"@context":"https:\/\/schema.org","@graph":[{"@type":"WebPage","@id":"https:\/\/www.pilgrim-info.com\/es\/mensajes-medjugorje-2015\/","url":"https:\/\/www.pilgrim-info.com\/es\/mensajes-medjugorje-2015\/","name":"Mensajes de Nuestra Se\u00f1ora de Medjugorje 2015 - Pilgrim-info.com","isPartOf":{"@id":"https:\/\/www.pilgrim-info.com\/#website"},"primaryImageOfPage":{"@id":"https:\/\/www.pilgrim-info.com\/es\/mensajes-medjugorje-2015\/#primaryimage"},"image":{"@id":"https:\/\/www.pilgrim-info.com\/es\/mensajes-medjugorje-2015\/#primaryimage"},"thumbnailUrl":"https:\/\/www.pilgrim-info.com\/wp-content\/uploads\/2016\/04\/medjugorje-pilgrim-info11.jpg","datePublished":"2018-01-17T06:07:03+00:00","dateModified":"2018-01-17T06:07:03+00:00","description":"Mensajes de Medjugorje 2016 - Tambi\u00e9n hoy les traigo en mis brazos a mi Hijo Jes\u00fas y desde este abrazo les doy Su paz y el anhelo por el Cielo.","inLanguage":"es","potentialAction":[{"@type":"ReadAction","target":["https:\/\/www.pilgrim-info.com\/es\/mensajes-medjugorje-2015\/"]}]},{"@type":"ImageObject","inLanguage":"es","@id":"https:\/\/www.pilgrim-info.com\/es\/mensajes-medjugorje-2015\/#primaryimage","url":"https:\/\/www.pilgrim-info.com\/wp-content\/uploads\/2016\/04\/medjugorje-pilgrim-info11.jpg","contentUrl":"https:\/\/www.pilgrim-info.com\/wp-content\/uploads\/2016\/04\/medjugorje-pilgrim-info11.jpg"},{"@type":"WebSite","@id":"https:\/\/www.pilgrim-info.com\/#website","url":"https:\/\/www.pilgrim-info.com\/","name":"Pilgrim-info.com","description":"Catholic Shrines, Saints and Prayers","potentialAction":[{"@type":"SearchAction","target":{"@type":"EntryPoint","urlTemplate":"https:\/\/www.pilgrim-info.com\/?s={search_term_string}"},"query-input":{"@type":"PropertyValueSpecification","valueRequired":true,"valueName":"search_term_string"}}],"inLanguage":"es"}]}},"_links":{"self":[{"href":"https:\/\/www.pilgrim-info.com\/es\/wp-json\/wp\/v2\/pages\/19391","targetHints":{"allow":["GET"]}}],"collection":[{"href":"https:\/\/www.pilgrim-info.com\/es\/wp-json\/wp\/v2\/pages"}],"about":[{"href":"https:\/\/www.pilgrim-info.com\/es\/wp-json\/wp\/v2\/types\/page"}],"author":[{"embeddable":true,"href":"https:\/\/www.pilgrim-info.com\/es\/wp-json\/wp\/v2\/users\/1"}],"replies":[{"embeddable":true,"href":"https:\/\/www.pilgrim-info.com\/es\/wp-json\/wp\/v2\/comments?post=19391"}],"version-history":[{"count":0,"href":"https:\/\/www.pilgrim-info.com\/es\/wp-json\/wp\/v2\/pages\/19391\/revisions"}],"wp:attachment":[{"href":"https:\/\/www.pilgrim-info.com\/es\/wp-json\/wp\/v2\/media?parent=19391"}],"curies":[{"name":"wp","href":"https:\/\/api.w.org\/{rel}","templated":true}]}}